{"id":3048,"date":"2019-02-03T20:04:20","date_gmt":"2019-02-03T19:04:20","guid":{"rendered":"http:\/\/www.seglerkameradschaft.de\/?page_id=3048"},"modified":"2019-02-03T20:04:20","modified_gmt":"2019-02-03T19:04:20","slug":"impressum-2","status":"publish","type":"page","link":"https:\/\/seglerkameradschaft.de\/?page_id=3048","title":{"rendered":"Impressum"},"content":{"rendered":"<div>\n<p><strong>Angaben gem. \u00a7 6 TMG<\/strong><\/p>\n<p><strong>Herausgeber<\/strong><br \/>\n<img decoding=\"async\" src=\"http:\/\/www.seglerkameradschaft.de\/wp-content\/uploads\/herausgeber.png\" alt=\"\" \/><\/p>\n<p><strong>Kontakt<br \/>\n<\/strong><br \/>\n<img decoding=\"async\" src=\"http:\/\/www.seglerkameradschaft.de\/wp-content\/uploads\/kontakt.png\" alt=\"\" \/><\/p>\n<p><strong>Haftungsausschluss<\/strong><br \/>\nTrotz sorgf\u00e4ltiger inhaltlicher Kontrolle \u00fcbernehmen wir keine Haftung f\u00fcr die Richtigkeit, Vollst\u00e4ndigkeit und Aktualit\u00e4t unserer Webseiten sowie f\u00fcr die Inhalte externer Links. F\u00fcr den Inhalt der verlinkten Seiten sind ausschlie\u00dflich deren Betreiber verantwortlich.<\/p>\n<p><strong>Urheberrechtsvermerk<\/strong><br \/>\nDas Layout, s\u00e4mtliche Grafiken und Fotos sowie die Textbeitr\u00e4ge sind urheberrechtlich gesch\u00fctzt. Bei Anfragen wenden Sie sich an den Autor.<\/p>\n<\/div>\n","protected":false},"excerpt":{"rendered":"<p>Angaben gem. \u00a7 6 TMG Herausgeber Kontakt Haftungsausschluss Trotz sorgf\u00e4ltiger inhaltlicher Kontrolle \u00fcbernehmen wir keine Haftung f\u00fcr die Richtigkeit, Vollst\u00e4ndigkeit und Aktualit\u00e4t unserer Webseiten sowie f\u00fcr die Inhalte externer Links. F\u00fcr den Inhalt der verlinkten Seiten sind ausschlie\u00dflich deren Betreiber verantwortlich. Urheberrechtsvermerk Das Layout, s\u00e4mtliche Grafiken und Fotos sowie die Textbeitr\u00e4ge sind urheberrechtlich gesch\u00fctzt. Bei [&hellip;]<\/p>\n","protected":false},"author":3,"featured_media":0,"parent":0,"menu_order":0,"comment_status":"closed","ping_status":"closed","template":"","meta":{"footnotes":""},"class_list":["post-3048","page","type-page","status-publish","hentry"],"_links":{"self":[{"href":"https:\/\/seglerkameradschaft.de\/index.php?rest_route=\/wp\/v2\/pages\/3048","targetHints":{"allow":["GET"]}}],"collection":[{"href":"https:\/\/seglerkameradschaft.de\/index.php?rest_route=\/wp\/v2\/pages"}],"about":[{"href":"https:\/\/seglerkameradschaft.de\/index.php?rest_route=\/wp\/v2\/types\/page"}],"author":[{"embeddable":true,"href":"https:\/\/seglerkameradschaft.de\/index.php?rest_route=\/wp\/v2\/users\/3"}],"replies":[{"embeddable":true,"href":"https:\/\/seglerkameradschaft.de\/index.php?rest_route=%2Fwp%2Fv2%2Fcomments&post=3048"}],"version-history":[{"count":0,"href":"https:\/\/seglerkameradschaft.de\/index.php?rest_route=\/wp\/v2\/pages\/3048\/revisions"}],"wp:attachment":[{"href":"https:\/\/seglerkameradschaft.de\/index.php?rest_route=%2Fwp%2Fv2%2Fmedia&parent=3048"}],"curies":[{"name":"wp","href":"https:\/\/api.w.org\/{rel}","templated":true}]}}